{"id":1314,"date":"2024-02-11T18:35:20","date_gmt":"2024-02-11T18:35:20","guid":{"rendered":"https:\/\/www.cremma.com.tr\/?page_id=1314"},"modified":"2024-11-01T12:34:00","modified_gmt":"2024-11-01T12:34:00","slug":"kariyer","status":"publish","type":"page","link":"https:\/\/www.cremma.com.tr\/eng\/kariyer\/","title":{"rendered":"Kariyer"},"content":{"rendered":"<div class=\"wpb-content-wrapper\"><p>[vc_row][vc_column][vc_single_image image=&#8221;1317&#8243; img_size=&#8221;full&#8221;][vc_column_text]<\/p>\n<p style=\"text-align: left;\"><strong>Cremma Markas\u0131 i\u015fini seven, i\u015fine tutkuyla ba\u011fl\u0131 bir ekiple\u00a0 \u00e7al\u0131\u015fmaktad\u0131r. S\u00fcrekli <\/strong><strong>kendini yenileyen, gen\u00e7 ve dinamik ekibin bir par\u00e7as\u0131 olmak, kariyerine y\u00f6n <\/strong><strong>vermek istiyorsan a\u015fa\u011f\u0131daki butonu t\u0131klay\u0131p formu doldurman yeterli.<\/strong><\/p>\n<p>[\/vc_column_text][\/vc_column][\/vc_row][vc_row][vc_column][vc_btn title=&#8221;Kariyer Formu&#8221; style=&#8221;custom&#8221; custom_background=&#8221;#000000&#8243; custom_text=&#8221;#ffffff&#8221; align=&#8221;center&#8221; button_block=&#8221;true&#8221; link=&#8221;url:https%3A%2F%2Fwww.cremma.com.tr%2Fkariyer-formu%2F|title:Kariyer%20Formu&#8221;][\/vc_column][\/vc_row]<\/p>\n<\/div>","protected":false},"excerpt":{"rendered":"<p>[vc_row][vc_column][vc_single_image image=&#8221;1317&#8243; img_size=&#8221;full&#8221;][vc_column_text] Cremma Markas\u0131 i\u015fini seven, i\u015fine tutkuyla ba\u011fl\u0131 bir ekiple\u00a0 \u00e7al\u0131\u015fmaktad\u0131r. S\u00fcrekli kendini yenileyen, gen\u00e7 ve dinamik ekibin bir par\u00e7as\u0131 olmak, kariyerine y\u00f6n vermek istiyorsan a\u015fa\u011f\u0131daki butonu t\u0131klay\u0131p formu doldurman yeterli. [\/vc_column_text][\/vc_column][\/vc_row][vc_row][vc_column][vc_btn title=&#8221;Kariyer Formu&#8221; style=&#8221;custom&#8221; custom_background=&#8221;#000000&#8243; custom_text=&#8221;#ffffff&#8221; align=&#8221;center&#8221; button_block=&#8221;true&#8221; link=&#8221;url:https%3A%2F%2Fwww.cremma.com.tr%2Fkariyer-formu%2F|title:Kariyer%20Formu&#8221;][\/vc_column][\/vc_row]<\/p>\n","protected":false},"author":1,"featured_media":0,"parent":0,"menu_order":0,"comment_status":"closed","ping_status":"closed","template":"","meta":{"slim_seo":{"title":"CREMMA \/ Coffee &bull; Dessert &bull; Bakery","description":"[vc_row][vc_column][vc_single_image image=\"1317\" img_size=\"full\"][vc_column_text] Cremma Markas\u0131 i\u015fini seven, i\u015fine tutkuyla ba\u011fl\u0131 bir ekiple\u00a0 \u00e7al\u0131\u015fmaktad\u0131r. S\u00fc"},"_vp_format_video_url":"","_vp_image_focal_point":[],"_vp_custom_popup_image":0,"_vp_format_audio_url":"","_vp_custom_thumbnail":0,"_vp_custom_thumbnail_focal_point":[],"_vp_hover_thumbnail":0,"_vp_hover_thumbnail_focal_point":[],"footnotes":""},"class_list":["post-1314","page","type-page","status-publish","hentry"],"acf":[],"_links":{"self":[{"href":"https:\/\/www.cremma.com.tr\/eng\/wp-json\/wp\/v2\/pages\/1314","targetHints":{"allow":["GET"]}}],"collection":[{"href":"https:\/\/www.cremma.com.tr\/eng\/wp-json\/wp\/v2\/pages"}],"about":[{"href":"https:\/\/www.cremma.com.tr\/eng\/wp-json\/wp\/v2\/types\/page"}],"author":[{"embeddable":true,"href":"https:\/\/www.cremma.com.tr\/eng\/wp-json\/wp\/v2\/users\/1"}],"replies":[{"embeddable":true,"href":"https:\/\/www.cremma.com.tr\/eng\/wp-json\/wp\/v2\/comments?post=1314"}],"version-history":[{"count":28,"href":"https:\/\/www.cremma.com.tr\/eng\/wp-json\/wp\/v2\/pages\/1314\/revisions"}],"predecessor-version":[{"id":2420,"href":"https:\/\/www.cremma.com.tr\/eng\/wp-json\/wp\/v2\/pages\/1314\/revisions\/2420"}],"wp:attachment":[{"href":"https:\/\/www.cremma.com.tr\/eng\/wp-json\/wp\/v2\/media?parent=1314"}],"curies":[{"name":"wp","href":"https:\/\/api.w.org\/{rel}","templated":true}]}}