{"id":1458,"date":"2024-02-14T19:48:02","date_gmt":"2024-02-14T19:48:02","guid":{"rendered":"https:\/\/www.cremma.com.tr\/?page_id=1458"},"modified":"2024-10-31T20:18:46","modified_gmt":"2024-10-31T20:18:46","slug":"suadiye","status":"publish","type":"page","link":"https:\/\/www.cremma.com.tr\/eng\/suadiye\/","title":{"rendered":"Suadiye"},"content":{"rendered":"<div class=\"wpb-content-wrapper\"><p>[vc_row awb_type=&#8221;color&#8221; awb_stretch=&#8221;1&#8243; awb_color=&#8221;#f8f8f8&#8243;][vc_column]<div class=\"ult-spacer spacer-69f2677d18834\" data-id=\"69f2677d18834\" data-height=\"130\" data-height-mobile=\"130\" data-height-tab=\"130\" data-height-tab-portrait=\"\" data-height-mobile-landscape=\"\" style=\"clear:both;display:block;\"><\/div>[vc_empty_space height=&#8221;100px&#8221;][\/vc_column][vc_column width=&#8221;1\/2&#8243;]<div class=\"vlthemes_custom_69f2677d18873   vlt-animation-block\" data-aos=\"fade\" data-aos-delay=\"0\">[vc_single_image image=&#8221;1453&#8243; img_size=&#8221;full&#8221;]<\/div><div class=\"ult-spacer spacer-69f2677d188af\" data-id=\"69f2677d188af\" data-height=\"\" data-height-mobile=\"\" data-height-tab=\"20\" data-height-tab-portrait=\"\" data-height-mobile-landscape=\"\" style=\"clear:both;display:block;\"><\/div>[\/vc_column][vc_column width=&#8221;1\/2&#8243;]<div class=\"ult-spacer spacer-69f2677d188d3\" data-id=\"69f2677d188d3\" data-height=\"\" data-height-mobile=\"\" data-height-tab=\"20\" data-height-tab-portrait=\"\" data-height-mobile-landscape=\"\" style=\"clear:both;display:block;\"><\/div><div class=\"vlthemes_custom_69f2677d188ec   vlt-animation-block\" data-aos=\"fade\" data-aos-delay=\"100\">[vc_column_text css=&#8221;.vc_custom_1713795985546{margin-bottom: 0px !important;}&#8221;]<\/p>\n<p style=\"font-size: 19px;\">Gen\u00e7 kitlelerin u\u011frak noktas\u0131 olan Cremma Suadiye bu y\u00f6n\u00fcyle kamp\u00fcs ortam\u0131n\u0131<br \/>\nand\u0131rmaktad\u0131r. Cremma Suadiye yerle\u015fkesi. Gen\u00e7, dinamik \u00e7al\u0131\u015fma kadrosu ve<br \/>\nm\u00fc\u015fteri kitlesinin olu\u015fturdu\u011fu auran\u0131n, bakery ve kahve ile e\u015fle\u015fmesi sonucu<br \/>\nsizlere m\u00fcstesna deneyimler vaat etmektedir. Gen\u00e7 Cremma.<\/p>\n<p>[\/vc_column_text]<\/div>[\/vc_column][vc_column]<div class=\"ult-spacer spacer-69f2677d18910\" data-id=\"69f2677d18910\" data-height=\"110\" data-height-mobile=\"110\" data-height-tab=\"110\" data-height-tab-portrait=\"\" data-height-mobile-landscape=\"\" style=\"clear:both;display:block;\"><\/div>[\/vc_column][\/vc_row][vc_row css=&#8221;.vc_custom_1730405907661{margin-top: 30px !important;}&#8221;][vc_column width=&#8221;1\/2&#8243;]<div class=\"vlthemes_custom_69f2677d18961   vlt-services-box\"><div><h4 class=\"vlt-services-box__title has-secondary-font\">\u0130leti\u015fim Numaras\u0131<\/h4><p class=\"vlt-services-box__text\">0850 522 4834<\/p><\/div><div><div class=\"vlt-services-box__icon\"><i class=\"lnr lnr-home\"><\/i><\/div><\/div><\/div>[\/vc_column][vc_column width=&#8221;1\/2&#8243;]<div class=\"vlthemes_custom_69f2677d189c4   vlt-animation-block\" data-aos=\"fade\" data-aos-delay=\"0\"><div class=\"vlthemes_custom_69f2677d189f0   vlt-services-box\"><div><h4 class=\"vlt-services-box__title has-secondary-font\">\u00c7al\u0131\u015fma Saatleri<\/h4><p class=\"vlt-services-box__text\">Cuma-Cumartesi : 09.00 - 01.00<\/p>\n<p>Pazar-Pazartesi-Sal\u0131-\u00c7ar\u015famba-Per\u015fembe : 09.00 - 01.30<\/p><\/div><div><div class=\"vlt-services-box__icon\"><i class=\"lnr lnr-apartment\"><\/i><\/div><\/div><\/div><\/div>[\/vc_column][\/vc_row][vc_section][vc_row][vc_column]<div class=\"ult-spacer spacer-69f2677d18a66\" data-id=\"69f2677d18a66\" data-height=\"30\" data-height-mobile=\"30\" data-height-tab=\"30\" data-height-tab-portrait=\"\" data-height-mobile-landscape=\"\" style=\"clear:both;display:block;\"><\/div>[\/vc_column][\/vc_row][\/vc_section][vc_row][vc_column][vc_gmaps link=&#8221;#E-8_JTNDaWZyYW1lJTIwc3JjJTNEJTIyaHR0cHMlM0ElMkYlMkZ3d3cuZ29vZ2xlLmNvbSUyRm1hcHMlMkZlbWJlZCUzRnBiJTNEJTIxMW0xOCUyMTFtMTIlMjExbTMlMjExZDE1MDYuNDg5NTA2NDI4OTQyOCUyMTJkMjkuMDgxMTUzODY5NjI4OTE3JTIxM2Q0MC45NjAwMzg1OTg1OTA0NiUyMTJtMyUyMTFmMCUyMTJmMCUyMTNmMCUyMTNtMiUyMTFpMTAyNCUyMTJpNzY4JTIxNGYxMy4xJTIxM20zJTIxMW0yJTIxMXMweDE0Y2FjN2Q0YWMzNGRkYjElMjUzQTB4N2I2Mjk1YTY2MGRiMmE5YyUyMTJzQ3JlbW1hJTI1MjBTdWFkaXllJTIxNWUwJTIxM20yJTIxMXN0ciUyMTJzdHIlMjE0djE3MDc5Mzc5MTgwNTMlMjE1bTIlMjExc3RyJTIxMnN0ciUyMiUyMHdpZHRoJTNEJTIyNjAwJTIyJTIwaGVpZ2h0JTNEJTIyNDUwJTIyJTIwc3R5bGUlM0QlMjJib3JkZXIlM0EwJTNCJTIyJTIwYWxsb3dmdWxsc2NyZWVuJTNEJTIyJTIyJTIwbG9hZGluZyUzRCUyMmxhenklMjIlMjByZWZlcnJlcnBvbGljeSUzRCUyMm5vLXJlZmVycmVyLXdoZW4tZG93bmdyYWRlJTIyJTNFJTNDJTJGaWZyYW1lJTNF&#8221;][\/vc_column][\/vc_row]<\/p>\n<\/div>","protected":false},"excerpt":{"rendered":"<p>[vc_row awb_type=&#8221;color&#8221; awb_stretch=&#8221;1&#8243; awb_color=&#8221;#f8f8f8&#8243;][vc_column][vc_empty_space height=&#8221;100px&#8221;][\/vc_column][vc_column width=&#8221;1\/2&#8243;][\/vc_column][vc_column width=&#8221;1\/2&#8243;][\/vc_column][vc_column][\/vc_column][\/vc_row][vc_row css=&#8221;.vc_custom_1730405907661{margin-top: 30px !important;}&#8221;][vc_column width=&#8221;1\/2&#8243;][\/vc_column][vc_column width=&#8221;1\/2&#8243;][\/vc_column][\/vc_row][vc_section][vc_row][vc_column][\/vc_column][\/vc_row][\/vc_section][vc_row][vc_column][vc_gmaps link=&#8221;#E-8_JTNDaWZyYW1lJTIwc3JjJTNEJTIyaHR0cHMlM0ElMkYlMkZ3d3cuZ29vZ2xlLmNvbSUyRm1hcHMlMkZlbWJlZCUzRnBiJTNEJTIxMW0xOCUyMTFtMTIlMjExbTMlMjExZDE1MDYuNDg5NTA2NDI4OTQyOCUyMTJkMjkuMDgxMTUzODY5NjI4OTE3JTIxM2Q0MC45NjAwMzg1OTg1OTA0NiUyMTJtMyUyMTFmMCUyMTJmMCUyMTNmMCUyMTNtMiUyMTFpMTAyNCUyMTJpNzY4JTIxNGYxMy4xJTIxM20zJTIxMW0yJTIxMXMweDE0Y2FjN2Q0YWMzNGRkYjElMjUzQTB4N2I2Mjk1YTY2MGRiMmE5YyUyMTJzQ3JlbW1hJTI1MjBTdWFkaXllJTIxNWUwJTIxM20yJTIxMXN0ciUyMTJzdHIlMjE0djE3MDc5Mzc5MTgwNTMlMjE1bTIlMjExc3RyJTIxMnN0ciUyMiUyMHdpZHRoJTNEJTIyNjAwJTIyJTIwaGVpZ2h0JTNEJTIyNDUwJTIyJTIwc3R5bGUlM0QlMjJib3JkZXIlM0EwJTNCJTIyJTIwYWxsb3dmdWxsc2NyZWVuJTNEJTIyJTIyJTIwbG9hZGluZyUzRCUyMmxhenklMjIlMjByZWZlcnJlcnBvbGljeSUzRCUyMm5vLXJlZmVycmVyLXdoZW4tZG93bmdyYWRlJTIyJTNFJTNDJTJGaWZyYW1lJTNF&#8221;][\/vc_column][\/vc_row]<\/p>\n","protected":false},"author":1,"featured_media":871,"parent":0,"menu_order":15,"comment_status":"closed","ping_status":"closed","template":"template-custom-page.php","meta":{"slim_seo":{"title":"CREMMA \/ Coffee &bull; Dessert &bull; Bakery","description":"[vc_row awb_type=\"color\" awb_stretch=\"1\" awb_color=\"#f8f8f8\"][vc_column] [vc_empty_space height=\"100px\"][\/vc_column][vc_column width=\"1\/2\"] [vc_single_image ima"},"_vp_format_video_url":"","_vp_image_focal_point":[],"_vp_custom_popup_image":0,"_vp_format_audio_url":"","_vp_custom_thumbnail":0,"_vp_custom_thumbnail_focal_point":[],"_vp_hover_thumbnail":0,"_vp_hover_thumbnail_focal_point":[],"footnotes":""},"class_list":["post-1458","page","type-page","status-publish","has-post-thumbnail","hentry"],"acf":[],"_links":{"self":[{"href":"https:\/\/www.cremma.com.tr\/eng\/wp-json\/wp\/v2\/pages\/1458","targetHints":{"allow":["GET"]}}],"collection":[{"href":"https:\/\/www.cremma.com.tr\/eng\/wp-json\/wp\/v2\/pages"}],"about":[{"href":"https:\/\/www.cremma.com.tr\/eng\/wp-json\/wp\/v2\/types\/page"}],"author":[{"embeddable":true,"href":"https:\/\/www.cremma.com.tr\/eng\/wp-json\/wp\/v2\/users\/1"}],"replies":[{"embeddable":true,"href":"https:\/\/www.cremma.com.tr\/eng\/wp-json\/wp\/v2\/comments?post=1458"}],"version-history":[{"count":8,"href":"https:\/\/www.cremma.com.tr\/eng\/wp-json\/wp\/v2\/pages\/1458\/revisions"}],"predecessor-version":[{"id":2383,"href":"https:\/\/www.cremma.com.tr\/eng\/wp-json\/wp\/v2\/pages\/1458\/revisions\/2383"}],"wp:featuredmedia":[{"embeddable":true,"href":"https:\/\/www.cremma.com.tr\/eng\/wp-json\/wp\/v2\/media\/871"}],"wp:attachment":[{"href":"https:\/\/www.cremma.com.tr\/eng\/wp-json\/wp\/v2\/media?parent=1458"}],"curies":[{"name":"wp","href":"https:\/\/api.w.org\/{rel}","templated":true}]}}