{"id":1709,"date":"2024-03-24T20:36:56","date_gmt":"2024-03-24T20:36:56","guid":{"rendered":"https:\/\/www.cremma.com.tr\/?page_id=1709"},"modified":"2024-11-01T18:27:13","modified_gmt":"2024-11-01T18:27:13","slug":"mesafeli-satis-sozlesmesi","status":"publish","type":"page","link":"https:\/\/www.cremma.com.tr\/eng\/mesafeli-satis-sozlesmesi\/","title":{"rendered":"Mesafeli Sat\u0131\u015f S\u00f6zle\u015fmesi"},"content":{"rendered":"\n<h4 class=\"wp-block-heading\"><a><\/a><strong>&nbsp;&nbsp;&nbsp;&nbsp;&nbsp; 1.&nbsp;&nbsp;&nbsp;&nbsp;&nbsp;&nbsp;&nbsp;&nbsp;&nbsp;&nbsp;&nbsp; <\/strong><strong>TARAFLAR<\/strong><\/h4>\n\n\n\n<p><strong>SATICI<\/strong><\/p>\n\n\n\n<p>\u00dcnvan\u0131: Cremma Cafe ve G\u0131da Sanayi Ticaret Anonim \u015eirketi<\/p>\n\n\n\n<p>Adresi: Cevizli Mahallesi Tugay Yolu Cadde&nbsp; No: 69 A\/43 Maltepe\/ \u0130STANBUL<\/p>\n\n\n\n<p><a>Telefon:&nbsp;<\/a><\/p>\n\n\n\n<p>Vergi Dairesi:<\/p>\n\n\n\n<p>Vergi No: <a href=\"#_msocom_1\">[1]<\/a>&nbsp;<\/p>\n\n\n\n<p>E-Posta: <a href=\"mailto:cremma@hs09.kep.tr\">cremma@hs09.kep.tr<\/a><\/p>\n\n\n\n<p><a><strong>ALICI<\/strong><\/a><\/p>\n\n\n\n<p>Ad\u0131-Soyad\u0131:<\/p>\n\n\n\n<p>Adres:<\/p>\n\n\n\n<p>Telefon:<\/p>\n\n\n\n<p>E-Posta:<a href=\"#_msocom_2\">[2]<\/a>&nbsp;<\/p>\n\n\n\n<h4 class=\"wp-block-heading\"><a><\/a><strong>&nbsp;&nbsp;&nbsp;&nbsp;&nbsp; 2.&nbsp;&nbsp;&nbsp;&nbsp;&nbsp;&nbsp;&nbsp;&nbsp;&nbsp;&nbsp;&nbsp; <\/strong><strong>S\u00d6ZLE\u015eMEN\u0130N KAPSAM VE KONUSU<\/strong><\/h4>\n\n\n\n<p>\u0130\u015fbu s\u00f6zle\u015fmenin konusu, ALICI\u2019n\u0131n <a href=\"https:\/\/www.cremma.com.tr\/\">https:\/\/www.cremma.com.tr\/<\/a> adresinden, elektronik olarak yapm\u0131\u015f oldu\u011fu a\u015fa\u011f\u0131da nitelikleri ve detaylar\u0131yla belirtilen sipari\u015fe ili\u015fkin, 6502 Say\u0131l\u0131 T\u00fcketicinin Korunmas\u0131 Hakk\u0131nda Kanun ve Mesafeli Sat\u0131\u015flar Y\u00f6netmeli\u011fi gere\u011fince, taraflar\u0131n hak ve y\u00fck\u00fcml\u00fcl\u00fcklerini i\u00e7ermektedir.<\/p>\n\n\n\n<h4 class=\"wp-block-heading\"><a><\/a><strong>&nbsp;&nbsp;&nbsp;&nbsp;&nbsp; 3.&nbsp;&nbsp;&nbsp;&nbsp;&nbsp;&nbsp;&nbsp;&nbsp;&nbsp;&nbsp;&nbsp; <\/strong><strong>S\u00d6ZLE\u015eME KONUSU MAL VE H\u0130ZMET\u0130N N\u0130TEL\u0130KLER\u0130 VE TESL\u0130MATA \u0130L\u0130\u015eK\u0130N B\u0130LG\u0130LER<\/strong><\/h4>\n\n\n\n<p><a>\u00dcR\u00dcNLER:&nbsp; <\/a><a href=\"#_msocom_3\">[3]<\/a>&nbsp;<\/p>\n\n\n\n<h4 class=\"wp-block-heading\"><a><\/a><strong>&nbsp;&nbsp;&nbsp;&nbsp;&nbsp; 4.&nbsp;&nbsp;&nbsp;&nbsp;&nbsp;&nbsp;&nbsp;&nbsp;&nbsp;&nbsp;&nbsp; <\/strong><strong>TESL\u0130MAT \u015eEKL\u0130 VE ADRES\u0130<\/strong><\/h4>\n\n\n\n<p>Teslimat Adresi:<\/p>\n\n\n\n<p>Teslim Edilecek Ki\u015fi:<\/p>\n\n\n\n<p>Fatura Adresi:<\/p>\n\n\n\n<p>Kargo Bedeli:<\/p>\n\n\n\n<p>\u0130\u015fbu s\u00f6zle\u015fme, ALICI\u2019n\u0131n sat\u0131n alm\u0131\u015f oldu\u011fu \u00fcr\u00fcnlerin, SATICI taraf\u0131ndan ALICI\u2019n\u0131n e-posta adresine teslim edilmesiyle ifa edilmi\u015f olur. ALICI\u2019n\u0131n sat\u0131n alm\u0131\u015f oldu\u011fu \u00fcr\u00fcnler, ALICI\u2019n\u0131n sipari\u015f formunda vermi\u015f oldu\u011fu, bu s\u00f6zle\u015fmede yer alan sipari\u015f bilgilerinde yer alan e-posta adresine teslim edilecektir. SATICI \u00fcr\u00fcn\u00fc e-posta adresine g\u00f6nderdi\u011finde teslimat\u0131n\u0131 tam ve eksiksiz yerine getirmi\u015f olarak kabul edilecektir.<\/p>\n\n\n\n<h4 class=\"wp-block-heading\"><a><\/a><strong>&nbsp;&nbsp;&nbsp;&nbsp;&nbsp; 5.&nbsp;&nbsp;&nbsp;&nbsp;&nbsp;&nbsp;&nbsp;&nbsp;&nbsp;&nbsp;&nbsp; <\/strong><strong>CAYMA HAKKI<\/strong><\/h4>\n\n\n\n<p>\u0130\u015fbu \u00d6n Bilgilendirme Formu\u2019na konu kapsam\u0131nda SATICI taraf\u0131ndan sa\u011flanan hizmet, Mesafeli S\u00f6zle\u015fmeler Y\u00f6netmeli\u011fi m.15\/c ve m.15\/\u00e7 h\u00fckm\u00fcnde d\u00fczenlenen, \u00e7abuk bozulabilen veya son kullanma tarihi ge\u00e7ebilecek mallar\u0131n teslimi ve ambalaj, bant, m\u00fch\u00fcr, paket gibi koruyucu unsurlar\u0131 a\u00e7\u0131lm\u0131\u015f olan mallardan; iadesi sa\u011fl\u0131k ve hijyen a\u00e7\u0131s\u0131ndan uygun olmayanlar\u0131n teslimine ili\u015fkin s\u00f6zle\u015fmelerden olmas\u0131 sebebiyle cayma hakk\u0131 istisnas\u0131 kapsam\u0131ndad\u0131r ve ALICI\u2019n\u0131n <strong>cayma hakk\u0131 bulunmamaktad\u0131r.<\/strong><\/p>\n\n\n\n<p>Cayma hakk\u0131n\u0131n kullan\u0131m\u0131n\u0131n m\u00fcmk\u00fcn oldu\u011fu hallerde ALICI \u00dcr\u00fcn&#8217;\u00fc teslim ald\u0131\u011f\u0131 tarihten itibaren ond\u00f6rt (14) g\u00fcn i\u00e7inde herhangi bir gerek\u00e7e g\u00f6stermeksizin ve cezai \u015fart \u00f6demeksizin bu S\u00f6zle\u015fme&#8217;den cayma hakk\u0131na sahiptir.<\/p>\n\n\n\n<ol class=\"wp-block-list\" start=\"6\">\n<li>Cayma hakk\u0131 kullan\u0131m\u0131 m\u00fcmk\u00fcn olan hallerde, ALICI, cayma s\u00fcresi i\u00e7inde mal\u0131, i\u015fleyi\u015fine, teknik \u00f6zelliklerine ve kullan\u0131m talimatlar\u0131na uygun bir \u015fekilde kullanmad\u0131\u011f\u0131 takdirde meydana gelen de\u011fi\u015fiklik ve bozulmalardan kanun gere\u011fi sorumludur. Buna g\u00f6re, cayma tarihine kadarki s\u00fcre\u00e7te \u00dcr\u00fcn&#8217;\u00fcn kullan\u0131m talimatlar\u0131na, teknik \u00f6zelliklerine ve i\u015fleyi\u015fine uygun bir \u015fekilde kullan\u0131lmamas\u0131ndan \u00f6t\u00fcr\u00fc de\u011fi\u015fiklik veya bozulma olursa ALICI cayma hakk\u0131n\u0131 kaybedebilir; SATICI taraf\u0131ndan kabul edildi\u011fi hallerde, iade edilecek \u00dcr\u00fcn bedelinden de\u011fi\u015fiklik \/ bozulma kadar indirim yap\u0131l\u0131r. Cayma hakk\u0131 bulunan hallerde ALICI&#8217;n\u0131n cayma hakk\u0131n\u0131 kulland\u0131\u011f\u0131na dair a\u00e7\u0131k bir bildirimi yasal 14 g\u00fcnl\u00fck s\u00fcre i\u00e7inde SATICI&#8217;ya y\u00f6neltmi\u015f (yukar\u0131da belirtilen ileti\u015fim adreslerine yaz\u0131l\u0131 bir \u015fekilde veya kal\u0131c\u0131 veri saklay\u0131c\u0131s\u0131 ile iletmi\u015f) olmas\u0131 gerekmektedir.. S\u00f6z konusu hakk\u0131n s\u00fcresi i\u00e7erisinde kullan\u0131lmas\u0131 durumunda, \u00dcr\u00fcn&#8217;\u00fcn azami on (10) g\u00fcn i\u00e7erisinde, giderleri ALICI&#8217;ya ait olmak \u00fczere SATICI&#8217;n\u0131n yukar\u0131daki adresine g\u00f6nderilmesi zorunludur. INTERNET S\u0130TES\u0130&#8217;nde \u00fcr\u00fcn iadeleri i\u00e7in anla\u015fmal\u0131 Yurti\u00e7i kargo firmas\u0131 ile, ALICI \u00dcr\u00fcn&#8217;\u00fc bulundu\u011fu \u0130l\u00e7e dahilindeki veya harindeki bir \u015fubesinden g\u00f6nderebilir, bu takdirde ALICI&#8217;dan masraf al\u0131nmaz. ALICI Yurti\u00e7i kargo firmas\u0131ndan farkl\u0131 bir kargo firmas\u0131 ile mal\u0131 iade etmek isterse g\u00f6nderim masraflar\u0131 ALICI\u2019ya ait olacakt\u0131r. Bu iade i\u015fleminde \u00dcr\u00fcn&#8217;\u00fcn kutusu, ambalaj\u0131, varsa standart aksesuarlar\u0131 ile birlikte eksiksiz ve hasars\u0131z olarak teslim edilmesi gerekmektedir. Ayr\u0131ca vergi mevzuat\u0131 gere\u011fi, ALICI taraf\u0131ndan kanunen \u0130ade Faturas\u0131 kesilmesi gereken hallerin yan\u0131 s\u0131ra \u00dcr\u00fcnle beraber iade edilecek olan fatura \u00fczerinde, a\u015fa\u011f\u0131da belirtilen, iade ile ilgili b\u00f6l\u00fcm doldurulup imzalanacakt\u0131r. Faturas\u0131 kurumlar (t\u00fczel ki\u015filer) ad\u0131na d\u00fczenlenen sipari\u015f iadeleri, \u0130ade Faturas\u0131 kesilmedi\u011fi takdirde kabul edilmeyecektir). &#8220;\u00dcr\u00fcn\u00fcn iade edilece\u011fi adres, SATICI adresi \/ iade i\u00e7in teslim olunan kargo firmas\u0131 adresi.&#8221; Yukar\u0131daki belirtilen gereklerin ALICI taraf\u0131ndan yerine getirilmesi kayd\u0131 ile, cayma bildiriminin SATICI&#8217;ya ula\u015ft\u0131\u011f\u0131 tarihten itibaren 14 g\u00fcn i\u00e7inde, \u00dcr\u00fcn bedeli ve varsa \u00dcr\u00fcn&#8217;\u00fcn ALICI&#8217;ya teslim masraflar\u0131 ALICI&#8217;ya, \u00dcr\u00fcn&#8217;\u00fc sat\u0131n al\u0131rken kulland\u0131\u011f\u0131 \u00f6deme arac\u0131na uygun bir \u015fekilde iade edilir.<\/li>\n<\/ol>\n\n\n\n<h4 class=\"wp-block-heading\"><a><\/a><strong>&nbsp;&nbsp;&nbsp;&nbsp;&nbsp; 7.&nbsp;&nbsp;&nbsp;&nbsp;&nbsp;&nbsp;&nbsp;&nbsp;&nbsp;&nbsp;&nbsp; <\/strong><strong>GENEL H\u00dcK\u00dcMLER<\/strong><\/h4>\n\n\n\n<h4 class=\"wp-block-heading\"><a><\/a><strong>&nbsp;&nbsp;&nbsp;&nbsp;&nbsp;&nbsp;&nbsp;&nbsp;&nbsp;&nbsp;&nbsp;&nbsp;&nbsp;&nbsp;&nbsp;&nbsp;&nbsp;&nbsp;&nbsp;&nbsp;&nbsp;&nbsp;&nbsp;&nbsp;&nbsp; 7.1.&nbsp;&nbsp;&nbsp;&nbsp;&nbsp;&nbsp;&nbsp;&nbsp;&nbsp;&nbsp;&nbsp; <\/strong>ALICI,&nbsp; <a href=\"https:\/\/www.cremma.com.tr\/\">https:\/\/www.cremma.com.tr\/<\/a> internet sitesinde s\u00f6zle\u015fme konusu \u00fcr\u00fcn\u00fcn temel nitelikleri, sat\u0131\u015f fiyat\u0131 ve \u00f6deme \u015fekli ile teslimata ili\u015fkin t\u00fcm \u00f6n bilgileri okuyup bilgi sahibi oldu\u011funu ve elektronik ortamda gerekli teyidi verdi\u011fini beyan eder.<\/h4>\n\n\n\n<h4 class=\"wp-block-heading\"><a><\/a><strong>&nbsp;&nbsp;&nbsp;&nbsp;&nbsp;&nbsp;&nbsp;&nbsp;&nbsp;&nbsp;&nbsp;&nbsp;&nbsp;&nbsp;&nbsp;&nbsp;&nbsp;&nbsp;&nbsp;&nbsp;&nbsp;&nbsp;&nbsp;&nbsp;&nbsp; 7.2.&nbsp;&nbsp;&nbsp;&nbsp;&nbsp;&nbsp;&nbsp;&nbsp;&nbsp;&nbsp;&nbsp; <\/strong>S\u00f6zle\u015fmeye konu olan \u00fcr\u00fcn \/ \u00fcr\u00fcnler, s\u00f6zle\u015fme tarihinden itibaren en ge\u00e7 30 g\u00fcn i\u00e7erisinde teslim edilecektir.<\/h4>\n\n\n\n<h4 class=\"wp-block-heading\"><a><\/a><strong>&nbsp;&nbsp;&nbsp;&nbsp;&nbsp;&nbsp;&nbsp;&nbsp;&nbsp;&nbsp;&nbsp;&nbsp;&nbsp;&nbsp;&nbsp;&nbsp;&nbsp;&nbsp;&nbsp;&nbsp;&nbsp;&nbsp;&nbsp;&nbsp;&nbsp; 7.3.&nbsp;&nbsp;&nbsp;&nbsp;&nbsp;&nbsp;&nbsp;&nbsp;&nbsp;&nbsp;&nbsp; <\/strong>SATICI, s\u00f6zle\u015fme konusu \u00fcr\u00fcnleri sa\u011flam, eksiksiz, sipari\u015fte belirtilen niteliklere uygun olarak teslim edilmesinden sorumludur.<\/h4>\n\n\n\n<h4 class=\"wp-block-heading\"><a><\/a><strong>&nbsp;&nbsp;&nbsp;&nbsp;&nbsp;&nbsp;&nbsp;&nbsp;&nbsp;&nbsp;&nbsp;&nbsp;&nbsp;&nbsp;&nbsp;&nbsp;&nbsp;&nbsp;&nbsp;&nbsp;&nbsp;&nbsp;&nbsp;&nbsp;&nbsp; 7.4.&nbsp;&nbsp;&nbsp;&nbsp;&nbsp;&nbsp;&nbsp;&nbsp;&nbsp;&nbsp;&nbsp; <\/strong>Herhangi bir nedenle, ALICI taraf\u0131ndan s\u00f6zle\u015fmeye konu olan Mal ve Hizmet bedellerinin \u00f6denmemesi durumunda veya yap\u0131lan \u00f6demenin banka kay\u0131tlar\u0131nda iptal edilmesi halinde, Sat\u0131c\u0131 Mal\/ Hizmet\u2019in teslim sorumlulu\u011fundan kurtulmu\u015f kabul edilir.<\/h4>\n\n\n\n<h4 class=\"wp-block-heading\"><a><\/a><strong>&nbsp;&nbsp;&nbsp;&nbsp;&nbsp; 8.&nbsp;&nbsp;&nbsp;&nbsp;&nbsp;&nbsp;&nbsp;&nbsp;&nbsp;&nbsp;&nbsp; <\/strong><strong>UYU\u015eMAZLIKLARIN \u00c7\u00d6Z\u00dcM\u00dc<\/strong><\/h4>\n\n\n\n<p>\u0130\u015fbu Mesafeli Sat\u0131\u015f S\u00f6zle\u015fmesi\u2019nin uygulanmas\u0131nda, G\u00fcmr\u00fck ve Ticaret Bakanl\u0131\u011f\u0131nca ilan edilen de\u011fere kadar de\u011fere kadar T\u00fcketici Hakem Heyetleri, s\u00f6z konusu de\u011ferin \u00fczerindeki anla\u015fmazl\u0131klarda \u0130stanbul T\u00fcketici Mahkemeleri yetkili olacakt\u0131r.<\/p>\n\n\n\n<p>Sipari\u015f i\u015flemi tamamland\u0131\u011f\u0131nda, i\u015fbu s\u00f6zle\u015fmeye ili\u015fkin t\u00fcm maddeler T\u00dcKET\u0130C\u0130 taraf\u0131ndan okunup, kabul edilmi\u015f say\u0131l\u0131r.<\/p>\n\n\n\n<p>SATICI: Cremma Cafe ve G\u0131da Sanayi Ticaret Anonim \u015eirketi<\/p>\n\n\n\n<p><a>ALICI:<\/a><\/p>\n\n\n\n<p>TAR\u0130H<\/p>\n","protected":false},"excerpt":{"rendered":"<p>&nbsp;&nbsp;&nbsp;&nbsp;&nbsp; 1.&nbsp;&nbsp;&nbsp;&nbsp;&nbsp;&nbsp;&nbsp;&nbsp;&nbsp;&nbsp;&nbsp; TARAFLAR SATICI \u00dcnvan\u0131: Cremma Cafe ve G\u0131da Sanayi Ticaret Anonim \u015eirketi Adresi: Cevizli Mahallesi Tugay Yolu Cadde&nbsp; No: 69 A\/43 Maltepe\/ \u0130STANBUL Telefon:&nbsp; Vergi Dairesi: Vergi No: [1]&nbsp; E-Posta: cremma@hs09.kep.tr ALICI Ad\u0131-Soyad\u0131: Adres: Telefon: E-Posta:[2]&nbsp; &nbsp;&nbsp;&nbsp;&nbsp;&nbsp; 2.&nbsp;&nbsp;&nbsp;&nbsp;&nbsp;&nbsp;&nbsp;&nbsp;&nbsp;&nbsp;&nbsp; S\u00d6ZLE\u015eMEN\u0130N KAPSAM VE KONUSU \u0130\u015fbu s\u00f6zle\u015fmenin konusu, ALICI\u2019n\u0131n https:\/\/www.cremma.com.tr\/ adresinden, elektronik olarak yapm\u0131\u015f oldu\u011fu a\u015fa\u011f\u0131da nitelikleri [&hellip;]<\/p>\n","protected":false},"author":2,"featured_media":0,"parent":0,"menu_order":0,"comment_status":"closed","ping_status":"closed","template":"","meta":{"slim_seo":{"title":"CREMMA \/ Coffee &bull; Dessert &bull; Bakery","description":"SATICI \u00dcnvan\u0131: Cremma Cafe ve G\u0131da Sanayi Ticaret Anonim \u015eirketi Adresi: Cevizli Mahallesi Tugay Yolu Cadde&nbsp; No: 69 A\/43 Maltepe\/ \u0130STANBUL Telefon:&nbsp; V"},"_vp_format_video_url":"","_vp_image_focal_point":[],"_vp_custom_popup_image":0,"_vp_format_audio_url":"","_vp_custom_thumbnail":0,"_vp_custom_thumbnail_focal_point":[],"_vp_hover_thumbnail":0,"_vp_hover_thumbnail_focal_point":[],"footnotes":""},"class_list":["post-1709","page","type-page","status-publish","hentry"],"acf":[],"_links":{"self":[{"href":"https:\/\/www.cremma.com.tr\/eng\/wp-json\/wp\/v2\/pages\/1709","targetHints":{"allow":["GET"]}}],"collection":[{"href":"https:\/\/www.cremma.com.tr\/eng\/wp-json\/wp\/v2\/pages"}],"about":[{"href":"https:\/\/www.cremma.com.tr\/eng\/wp-json\/wp\/v2\/types\/page"}],"author":[{"embeddable":true,"href":"https:\/\/www.cremma.com.tr\/eng\/wp-json\/wp\/v2\/users\/2"}],"replies":[{"embeddable":true,"href":"https:\/\/www.cremma.com.tr\/eng\/wp-json\/wp\/v2\/comments?post=1709"}],"version-history":[{"count":4,"href":"https:\/\/www.cremma.com.tr\/eng\/wp-json\/wp\/v2\/pages\/1709\/revisions"}],"predecessor-version":[{"id":2424,"href":"https:\/\/www.cremma.com.tr\/eng\/wp-json\/wp\/v2\/pages\/1709\/revisions\/2424"}],"wp:attachment":[{"href":"https:\/\/www.cremma.com.tr\/eng\/wp-json\/wp\/v2\/media?parent=1709"}],"curies":[{"name":"wp","href":"https:\/\/api.w.org\/{rel}","templated":true}]}}