{"id":1718,"date":"2024-03-24T20:44:16","date_gmt":"2024-03-24T20:44:16","guid":{"rendered":"https:\/\/www.cremma.com.tr\/?page_id=1718"},"modified":"2024-03-24T20:44:18","modified_gmt":"2024-03-24T20:44:18","slug":"uyelik-sozlesmesi","status":"publish","type":"page","link":"https:\/\/www.cremma.com.tr\/eng\/uyelik-sozlesmesi\/","title":{"rendered":"\u00dcyelik S\u00f6zle\u015fmesi"},"content":{"rendered":"\n<p><strong>B\u00dcLTEN \u00dcYEL\u0130\u011e\u0130, REKLAM TANITIM FAAL\u0130YETLER\u0130&nbsp;<\/strong><\/p>\n\n\n\n<p><strong>K\u0130\u015e\u0130SEL VER\u0130LER\u0130N KORUNMASI AYDINLATMA METN\u0130<\/strong><\/p>\n\n\n\n<p>\u0130\u015fbu Ayd\u0131nlatma Metni kapsam\u0131nda; 6698 Say\u0131l\u0131 Ki\u015fisel Verilerin Korunmas\u0131 Kanunu (\u201cKVKK\u201d) 10. maddesi uyar\u0131nca \u201cVeri Sorumlusunun Ayd\u0131nlatma Y\u00fck\u00fcml\u00fcl\u00fc\u011f\u00fc\u201d kapsam\u0131nda; i\u015flenen ki\u015fisel verileriniz ile ilgili, veri sorumlusu s\u0131fat\u0131yla Cremma Cafe Ve G\u0131da Sanayi Ticaret Anonim \u015eirketi <strong>&nbsp;<\/strong>taraf\u0131ndan ayd\u0131nlat\u0131lmaktas\u0131n\u0131z.<\/p>\n\n\n\n<ol class=\"wp-block-list\">\n<li><strong>Ki\u015fisel Verilerinizin \u0130\u015flenmesi Amac\u0131 ve Hukuki Sebebi;<\/strong><\/li>\n<\/ol>\n\n\n\n<p><strong>E-posta adresiniz, sizlerle kuraca\u011f\u0131m\u0131z ileti\u015fim ve etkile\u015fimler s\u0131ras\u0131nda edinilecek ki\u015fisel verileriniz, <\/strong><strong><em>Elektronik Ticaretin D\u00fczenlenmesi Hakk\u0131nda Kanun uyar\u0131nca onay\u0131n\u0131z ve KVKK 5. maddesi uyar\u0131nca a\u00e7\u0131k r\u0131zan\u0131z olmas\u0131 halinde<\/em><\/strong><strong>;&nbsp;<\/strong><\/p>\n\n\n\n<ul class=\"wp-block-list\">\n<li>B\u00fclten \u00fcyeli\u011finizin olu\u015fturulmas\u0131<\/li>\n\n\n\n<li>\u00dcr\u00fcn ve hizmetlerimizle ilgili g\u00fcncel geli\u015fmelerden sizleri haberdar etmek,&nbsp;<\/li>\n\n\n\n<li>Size \u00f6zel kampanya ve reklamlar g\u00f6sterebilmek,<\/li>\n\n\n\n<li>Verdi\u011fimiz hizmetleri size \u00f6zel ki\u015fiselle\u015ftirebilmek<\/li>\n\n\n\n<li><strong><em>Kampanyalar\u0131m\u0131z, \u00fcr\u00fcn ve hizmetlerimiz hakk\u0131nda promosyon, reklam, indirim, tan\u0131t\u0131mlar i\u00e7in SMS, Aranma ve E-posta \u015feklinde ticari iletiler g\u00f6ndermek <\/em><\/strong><strong>&nbsp;ama\u00e7lar\u0131yla i\u015flenecektir.&nbsp;<\/strong><\/li>\n<\/ul>\n\n\n\n<ol class=\"wp-block-list\" start=\"2\">\n<li><strong>Ki\u015fisel Verilerinizin Aktar\u0131lmas\u0131, Amac\u0131 ve Hukuki Sebebi;<\/strong>\n<ol class=\"wp-block-list\">\n<li>Ki\u015fisel verileriniz, yukar\u0131da bahsedilen ama\u00e7 ve faaliyetlerin yerine getirilmesi amac\u0131yla&nbsp; ticari ileti g\u00f6nderimi, reklam tan\u0131t\u0131m i\u015flemleri nedeniyle hizmet al\u0131nan veri i\u015fleyen, reklam ve tan\u0131t\u0131m ajanslar\u0131yla, hizmet al\u0131nan CRM \u015firketleri ile, sms ve e-posta g\u00f6nderimi yap\u0131lmas\u0131 i\u00e7in hizmet sa\u011flay\u0131c\u0131larla, faaliyetlerimizi ger\u00e7ekle\u015ftirmek i\u00e7in yurt i\u00e7i ve yurt d\u0131\u015f\u0131 yaz\u0131l\u0131m \u015firketleri, sunucu&nbsp; ve hizmet sa\u011flay\u0131c\u0131larla, \u0130leti Y\u00f6netim Sistemi A.\u015e. ile <strong>a\u00e7\u0131k r\u0131zan\u0131za<\/strong> istinaden payla\u015f\u0131lmaktad\u0131r.<\/li>\n\n\n\n<li><strong>Ki\u015fisel Verileriniz; <\/strong>Gerekti\u011finde ilgili mevzuattan do\u011fan bilgi ve belge payla\u015f\u0131m\u0131na ili\u015fkin y\u00fck\u00fcml\u00fcl\u00fcklerimizi yerine getirmek amac\u0131yla KVKK 5\/2 maddesi uyar\u0131nca Kanunlarda a\u00e7\u0131k\u00e7a \u00f6ng\u00f6r\u00fclmesi ve veri sorumlusunun hukuki y\u00fck\u00fcml\u00fcl\u00fc\u011f\u00fcn\u00fc yerine getirebilmesi i\u00e7in zorunlu olmas\u0131, hukuki sebeplerine dayal\u0131 olarak \u2018\u2019<strong>Yetkili Kamu Kurum Ve Kurulu\u015flar\u0131\u2018<\/strong>\u2019 ile payla\u015f\u0131labilecektir.&nbsp;<\/li>\n\n\n\n<li><strong>Ki\u015fisel Verileriniz; <\/strong>T\u00fcrk Ticaret Kanununda yer alan&nbsp; y\u00fck\u00fcml\u00fcl\u00fcklerin ve \u015eirketler Toplulu\u011fu konu alan veya \u015eirketler toplulu\u011funda bulunan \u015firketler aras\u0131nda yap\u0131lan s\u00f6zle\u015fmelerde bulunan h\u00fck\u00fcmlerin ifas\u0131 ve hizmetlerimizin yerine getirilmesi amac\u0131yla KVKK 5\/2 maddesi uyar\u0131nca veri sorumlusunun me\u015fru menfaati, s\u00f6zle\u015fmenin kurulmas\u0131 ve ifas\u0131 i\u00e7in gerekli olmas\u0131, Kanunlarda \u00f6ng\u00f6r\u00fclmesi hukuki sebeplerine dayal\u0131 olarak&nbsp; <strong>\u201cTopluluk \u015eirketlerimiz\u2019\u2019 <\/strong>ile payla\u015f\u0131lmaktad\u0131r.<\/li>\n\n\n\n<li>Ki\u015fisel Verileriniz; faaliyetlerimize ili\u015fkin olarak gerekli d\u0131\u015f hizmetlerin al\u0131nmas\u0131na y\u00f6nelik yapt\u0131\u011f\u0131m\u0131z s\u00f6zle\u015fmelerin ifas\u0131 i\u00e7in ve&nbsp; ancak bu ama\u00e7la s\u0131n\u0131rl\u0131 olarak KVKK 5\/2 maddesi uyar\u0131nca veri sorumlusunun me\u015fru menfaatleri i\u00e7in veri i\u015flenmesinin zorunlu olmas\u0131, bir s\u00f6zle\u015fmenin kurulmas\u0131 veya ifas\u0131, bir hakk\u0131n tesisi, kullan\u0131lmas\u0131 veya korunmas\u0131 i\u00e7in veri i\u015flemenin zorunlu olmas\u0131, hukuki y\u00fck\u00fcml\u00fcl\u00fc\u011f\u00fcn yerine getirilmesi hukuki sebeplerine dayal\u0131 olarak i\u015f ili\u015fkisi i\u00e7inde oldu\u011fumuz, hizmet ald\u0131\u011f\u0131m\u0131z <strong>\u2018\u2019Tedarik\u00e7iler\u2019<\/strong>\u2019 ve<strong> \u201c\u0130\u015f Ortaklar\u0131\u201d <\/strong>ile payla\u015f\u0131lmaktad\u0131r. \u00d6rne\u011fin; Ki\u015fisel verileriniz, sistemlerimizi geli\u015ftirmeye ve hizmet kalitemizi artt\u0131rmaya y\u00f6nelik yaz\u0131l\u0131m hizmeti ald\u0131\u011f\u0131m\u0131z \u2018\u2019<strong>Yaz\u0131l\u0131m Hizmet Sa\u011flay\u0131c\u0131<\/strong>\u2019\u2019 ile, bir hukuki uyu\u015fmazl\u0131k halinde hukuk i\u015flerinin takibi ve y\u00fcr\u00fct\u00fclmesi amac\u0131yla hizmet ald\u0131\u011f\u0131m\u0131z <strong>Avukatlar<\/strong> ile;&nbsp; mali y\u00fck\u00fcml\u00fcl\u00fckler nedeniyle hizmet ald\u0131\u011f\u0131m\u0131z <strong>Mali M\u00fc\u015favirler<\/strong> ile i\u015flemin ger\u00e7ekle\u015fmesi i\u00e7in gerekli ama\u00e7 ile s\u0131n\u0131rl\u0131 olarak payla\u015f\u0131lmaktad\u0131r.<\/li>\n<\/ol>\n<\/li>\n\n\n\n<li><strong>Ki\u015fisel Verilerinizin Toplama Y\u00f6ntemi<\/strong><\/li>\n<\/ol>\n\n\n\n<p>Ki\u015fisel verileriniz, sitemizdeki dijital formlar, dijital pazarlama teknoloji ara\u00e7lar\u0131, elektronik postalar, sosyal medya kanallar\u0131 ve sat\u0131\u015f ve pazarlama yetkililerimiz arac\u0131l\u0131\u011f\u0131 ile do\u011frudan ileti\u015fim, hedefleme, profilleme, \u00e7evrimi\u00e7i davran\u0131\u015fsal reklamc\u0131l\u0131k y\u00f6ntemleri ile otomatik ve otomatik olmayan y\u00f6ntemlerlerle i\u015flenmektedir.<\/p>\n\n\n\n<ol class=\"wp-block-list\" start=\"4\">\n<li><strong>Haklar\u0131n\u0131z<\/strong>\n<ol class=\"wp-block-list\">\n<li>Veri sorumlusu s\u0131fat\u0131 ile i\u015fledi\u011fimiz \u00f6l\u00e7\u00fcde ki\u015fisel verileriniz bak\u0131m\u0131ndan 6698 Say\u0131l\u0131 Ki\u015fisel Verilerin Korunmas\u0131 Kanunu\u2019nun 11. maddesi uyar\u0131nca a\u015fa\u011f\u0131da bulunan haklara sahipsiniz.<\/li>\n<\/ol>\n<\/li>\n\n\n\n<li><strong>Veri Sorumlusuna Ba\u015fvuru<\/strong>\n<ol class=\"wp-block-list\">\n<li>Kanunun ilgili ki\u015finin haklar\u0131n\u0131 d\u00fczenleyen 11. maddesi kapsam\u0131ndaki taleplerinizi, \u201cVeri Sorumlusuna Ba\u015fvuru Usul ve Esaslar\u0131 Hakk\u0131nda Tebli\u011fe\u201d g\u00f6re yaz\u0131l\u0131 olarak veya kay\u0131tl\u0131 elektronik posta (KEP) adresi, g\u00fcvenli elektronik imza, mobil imza ya da taraf\u0131n\u0131zca daha \u00f6nce bildirilen ve sistemimizde kay\u0131tl\u0131 bulunan elektronik posta adresini kullanmak suretiyle iletebilirsiniz.<\/li>\n<\/ol>\n<\/li>\n\n\n\n<li><strong>Veri Sorumlusu Bilgilendirmesi<\/strong><\/li>\n<\/ol>\n\n\n\n<p><strong>Veri sorumlusu \u00dcnvan :<\/strong> Cremma Cafe Ve G\u0131da Sanayi Ticaret Anonim \u015eirketi<\/p>\n\n\n\n<p><strong>MERS\u0130S :<\/strong> 0215-0611-1260-0001<\/p>\n\n\n\n<p><strong>KEP Adresi:<\/strong>&nbsp; cremma@hs09.kep.tr<\/p>\n\n\n\n<p><strong>Fiziki Posta adresi : <\/strong>Cevizli Mahallesi Tugay Yolu Cadde&nbsp; No: 69 A\/43 Maltepe\/ \u0130STANBUL<\/p>\n\n\n\n<p><strong>E-posta adresi: <\/strong>info@cremma.com.tr<\/p>\n\n\n\n<p><strong>Ki\u015fisel verilerinizin yukar\u0131da a\u00e7\u0131klanan ama\u00e7lar do\u011frultusunda i\u015flenmesi ve aktar\u0131lmas\u0131 hakk\u0131nda ayd\u0131nlatma metnini okuduysan\u0131z ve anlad\u0131ysan\u0131z \u00f6nceki ekrandaki onay kutusunu i\u015faretleyiniz. <\/strong>&nbsp;&nbsp;&nbsp;<\/p>\n","protected":false},"excerpt":{"rendered":"<p>B\u00dcLTEN \u00dcYEL\u0130\u011e\u0130, REKLAM TANITIM FAAL\u0130YETLER\u0130&nbsp; K\u0130\u015e\u0130SEL VER\u0130LER\u0130N KORUNMASI AYDINLATMA METN\u0130 \u0130\u015fbu Ayd\u0131nlatma Metni kapsam\u0131nda; 6698 Say\u0131l\u0131 Ki\u015fisel Verilerin Korunmas\u0131 Kanunu (\u201cKVKK\u201d) 10. maddesi uyar\u0131nca \u201cVeri Sorumlusunun Ayd\u0131nlatma Y\u00fck\u00fcml\u00fcl\u00fc\u011f\u00fc\u201d kapsam\u0131nda; i\u015flenen ki\u015fisel verileriniz ile ilgili, veri sorumlusu s\u0131fat\u0131yla Cremma Cafe Ve G\u0131da Sanayi Ticaret Anonim \u015eirketi &nbsp;taraf\u0131ndan ayd\u0131nlat\u0131lmaktas\u0131n\u0131z. E-posta adresiniz, sizlerle kuraca\u011f\u0131m\u0131z ileti\u015fim ve etkile\u015fimler s\u0131ras\u0131nda [&hellip;]<\/p>\n","protected":false},"author":2,"featured_media":0,"parent":0,"menu_order":0,"comment_status":"closed","ping_status":"closed","template":"","meta":{"slim_seo":{"title":"CREMMA \/ Coffee &bull; Dessert &bull; Bakery","description":"B\u00dcLTEN \u00dcYEL\u0130\u011e\u0130, REKLAM TANITIM FAAL\u0130YETLER\u0130&nbsp; K\u0130\u015e\u0130SEL VER\u0130LER\u0130N KORUNMASI AYDINLATMA METN\u0130 \u0130\u015fbu Ayd\u0131nlatma Metni kapsam\u0131nda; 6698 Say\u0131l\u0131 Ki\u015fisel Verilerin K"},"_vp_format_video_url":"","_vp_image_focal_point":[],"_vp_custom_popup_image":0,"_vp_format_audio_url":"","_vp_custom_thumbnail":0,"_vp_custom_thumbnail_focal_point":[],"_vp_hover_thumbnail":0,"_vp_hover_thumbnail_focal_point":[],"footnotes":""},"class_list":["post-1718","page","type-page","status-publish","hentry"],"acf":[],"_links":{"self":[{"href":"https:\/\/www.cremma.com.tr\/eng\/wp-json\/wp\/v2\/pages\/1718","targetHints":{"allow":["GET"]}}],"collection":[{"href":"https:\/\/www.cremma.com.tr\/eng\/wp-json\/wp\/v2\/pages"}],"about":[{"href":"https:\/\/www.cremma.com.tr\/eng\/wp-json\/wp\/v2\/types\/page"}],"author":[{"embeddable":true,"href":"https:\/\/www.cremma.com.tr\/eng\/wp-json\/wp\/v2\/users\/2"}],"replies":[{"embeddable":true,"href":"https:\/\/www.cremma.com.tr\/eng\/wp-json\/wp\/v2\/comments?post=1718"}],"version-history":[{"count":1,"href":"https:\/\/www.cremma.com.tr\/eng\/wp-json\/wp\/v2\/pages\/1718\/revisions"}],"predecessor-version":[{"id":1720,"href":"https:\/\/www.cremma.com.tr\/eng\/wp-json\/wp\/v2\/pages\/1718\/revisions\/1720"}],"wp:attachment":[{"href":"https:\/\/www.cremma.com.tr\/eng\/wp-json\/wp\/v2\/media?parent=1718"}],"curies":[{"name":"wp","href":"https:\/\/api.w.org\/{rel}","templated":true}]}}