{"id":1723,"date":"2024-03-24T20:45:59","date_gmt":"2024-03-24T20:45:59","guid":{"rendered":"https:\/\/www.cremma.com.tr\/?page_id=1723"},"modified":"2024-11-01T18:28:03","modified_gmt":"2024-11-01T18:28:03","slug":"tuketici-haklari-cayma-iade-kosullari","status":"publish","type":"page","link":"https:\/\/www.cremma.com.tr\/eng\/tuketici-haklari-cayma-iade-kosullari\/","title":{"rendered":"T\u00fcketici Haklar\u0131, Cayma, \u0130ade Ko\u015fullar\u0131"},"content":{"rendered":"<div class=\"wpb-content-wrapper\"><p>[vc_row][vc_column][vc_column_text]<\/p>\r\n<p><strong>\u00d6N B\u0130LG\u0130LEND\u0130RME FORMU<\/strong><\/p>\r\n\r\n\r\n\r\n<ol class=\"wp-block-list\">\r\n<li style=\"list-style-type: none;\">\r\n<ol>\r\n<li><strong>TARAFLAR<\/strong><\/li>\r\n<\/ol>\r\n<\/li>\r\n<\/ol>\r\n\r\n<p>\u0130nternet Sitesi : https:\/\/www.cremma.com.tr\/ https:\/\/www.cremma.com.tr\/ internet sitesi <strong>Cremma Cafe ve G\u0131da Sanayi Ticaret Anonim \u015eirketi<\/strong>\u2019 ye ait olmakla birlikte internet sitesi \u00fczerinden yap\u0131lan sat\u0131\u015flar taraf\u0131ndan ger\u00e7ekle\u015ftirilmektedir.<\/p>\r\n\r\n<p><strong>1.Sat\u0131c\u0131<\/strong><\/p>\r\n\r\n<p>Unvan\u0131 :\u00a0 Cremma Cafe ve G\u0131da Sanayi Ticaret Anonim \u015eirketi\u00a0<\/p>\r\n\r\n<p>Mersis No :\u00a0<\/p>\r\n\r\n<p>Vergi Kimlik No:\u00a0<\/p>\r\n\r\n<p>Adres : Cevizli Mahallesi Tugay Yolu Cadde\u00a0 No: 69 A\/43 Maltepe\/ \u0130STANBUL\u00a0<\/p>\r\n\r\n<p>Telefon :\u00a0<\/p>\r\n\r\n<p>E posta : <a href=\"mailto:cremma@hs09.kep.tr\">cremma@hs09.kep.tr<\/a>\u00a0<\/p>\r\n\r\n<p>(E\u011fer varsa t\u00fcketicinin \u015fikayetlerini iletebilece\u011fi yukar\u0131da belirtilenlerden farkl\u0131 bir ileti\u015fim kanal\u0131):<\/p>\r\n\r\n<p>(Bundan b\u00f6yle i\u015fbu s\u00f6zle\u015fmede <strong><em>\u201c<\/em><\/strong><strong>SATICI<\/strong><strong><em>\u201d<\/em><\/strong> olarak an\u0131lacakt\u0131r<\/p>\r\n\r\n<p><strong>2.M\u00fc\u015fteri<\/strong><\/p>\r\n\r\n<p>Ad <strong>:\u00a0<\/strong><\/p>\r\n\r\n<p>Soyad <strong>:<\/strong><\/p>\r\n\r\n<p>Adres <strong>:<\/strong><\/p>\r\n\r\n<p>Telefon <strong>:<\/strong><\/p>\r\n\r\n<p>E- Posta <strong>:<\/strong><\/p>\r\n\r\n<p>(Bundan b\u00f6yle i\u015fbu s\u00f6zle\u015fmede <strong><em>\u201c<\/em><\/strong><strong>ALICI<\/strong><strong><em>\u201d<\/em><\/strong> olarak an\u0131lacakt\u0131r)<\/p>\r\n\r\n<p><strong>3.Sat\u0131lan \u00dcr\u00fcn<\/strong><\/p>\r\n\r\n<p>Sat\u0131lan \u00dcr\u00fcn Ad\u0131 :<\/p>\r\n\r\n<p>Sat\u0131lan \u00dcr\u00fcn Kodu :<\/p>\r\n\r\n<p>Toplam Sat\u0131\u015f Bedeli :\u00a0<\/p>\r\n\r\n<p>\u00d6deme \u015eekli : Kredi Kart\u0131\/Banka Havalesi (EFT)\/Al\u0131\u015fveri\u015f Kredisi<\/p>\r\n\r\n<p>Fatura Edilecek Ki\u015fi :<\/p>\r\n\r\n<p>Fatura Adresi :\u00a0<\/p>\r\n\r\n<p>Vergi Dairesi :\u00a0<\/p>\r\n\r\n<p>Vergi No :\u00a0<\/p>\r\n\r\n<p>Fatura Tarihi :\u00a0<\/p>\r\n\r\n<p>S\u00f6zle\u015fme Tarihi :\u00a0<\/p>\r\n\r\n<p><strong>4.\u00dcr\u00fcn\u00fcn Temel \u00d6zellikleri<\/strong><\/p>\r\n\r\n\r\n\r\n<ol class=\"wp-block-list\" start=\"2\">\r\n<li style=\"list-style-type: none;\">\r\n<ol start=\"2\">\r\n<li><strong>\u00a0KONU<\/strong><\/li>\r\n<\/ol>\r\n<\/li>\r\n<\/ol>\r\n\r\n<p>\u0130\u015fbu Sat\u0131\u015f S\u00f6zle\u015fmesi \u00d6n Bilgi Formu\u2019nun konusu, SATICI&#8217;n\u0131n, ALICI&#8217;ya sat\u0131\u015f\u0131n\u0131 yapt\u0131\u011f\u0131, bu formda nitelikleri ve sat\u0131\u015f fiyat\u0131 belirtilen \u00fcr\u00fcn\/\u00fcr\u00fcnlerin sat\u0131\u015f\u0131 ve teslimi ile ilgili olarak 6502 say\u0131l\u0131 T\u00fcketicilerin Korunmas\u0131 Hakk\u0131ndaki Kanun &#8211; Mesafeli S\u00f6zle\u015fmeler Y\u00f6netmeli\u011fi (RG:27.11.2014\/29188) h\u00fck\u00fcmleri gere\u011fince taraflar\u0131n hak ve y\u00fck\u00fcml\u00fcl\u00fcklerini kapsamaktad\u0131r. \u0130\u015fbu \u00f6n bilgilendirme formunu kabul etmekle ALICI, s\u00f6zle\u015fme konusu sipari\u015fi onaylad\u0131\u011f\u0131 takdirde sipari\u015f konusu bedeli ve vergi gibi belirtilen ek \u00fccretleri \u00f6deme y\u00fck\u00fcml\u00fcl\u00fc\u011f\u00fc alt\u0131na girece\u011fini ve bu konuda bilgilendirildi\u011fini pe\u015finen kabul eder.<\/p>\r\n\r\n\r\n\r\n<ol class=\"wp-block-list\" start=\"3\">\r\n<li style=\"list-style-type: none;\">\r\n<ol start=\"3\">\r\n<li><strong>\u00a0GENEL \u015eARTLAR<\/strong>\r\n<ol class=\"wp-block-list\">\r\n<li style=\"list-style-type: none;\">\r\n<ol>\r\n<li>\u00dcr\u00fcn ve hizmetin temel \u00f6zellikleri SATICI\u2019ya ait internet sitesinde ve i\u015fbu \u00f6n bilgilendirme formunda yer almaktad\u0131r.<\/li>\r\n\r\n\r\n\r\n<li>Listelenen ve sitede ilan edilen fiyatlar sat\u0131\u015f fiyat\u0131d\u0131r. \u0130lan edilen fiyatlar ve vaatler g\u00fcncelleme yap\u0131lana ve de\u011fi\u015ftirilene kadar ge\u00e7erlidir. S\u00fcreli olarak ilan edilen fiyatlar ise belirtilen s\u00fcre sonuna kadar ge\u00e7erlidir.<\/li>\r\n\r\n\r\n\r\n<li>S\u00f6zle\u015fme konusu mal ya da hizmetin t\u00fcm vergiler dahil sat\u0131\u015f fiyat\u0131 yukar\u0131daki tabloda g\u00f6sterilmi\u015ftir.<\/li>\r\n\r\n\r\n\r\n<li>ALICI, SATICI\u2019ya ait internet sitesinde ve i\u015fbu bilgilendirme formunda yer alan s\u00f6zle\u015fme konusu \u00fcr\u00fcn\u00fcn temel nitelikleri, sat\u0131\u015f fiyat\u0131 ve \u00f6deme \u015fekli ile teslimata ili\u015fkin \u00f6n bilgileri okuyup, bilgi sahibi oldu\u011funu, elektronik ortamda gerekli teyidi verdi\u011fini kabul, beyan ve taahh\u00fct eder. ALICININ; \u00d6n Bilgilendirmeyi elektronik ortamda teyit etmesi, mesafeli sat\u0131\u015f s\u00f6zle\u015fmesinin kurulmas\u0131ndan evvel, SATICI taraf\u0131ndan ALICI&#8217;ya verilmesi gereken adresi, sipari\u015fi verilen \u00fcr\u00fcnlere ait temel \u00f6zellikleri, \u00fcr\u00fcnlerin vergiler d\u00e2hil fiyat\u0131n\u0131, \u00f6deme ve teslimat bilgilerini de do\u011fru ve eksiksiz olarak edindi\u011fini kabul, beyan ve taahh\u00fct eder.\u00a0<\/li>\r\n\r\n\r\n\r\n<li>S\u00f6zle\u015fme konusu her bir \u00fcr\u00fcn, 30 g\u00fcnl\u00fck yasal s\u00fcreci a\u015fmamak kayd\u0131 ile ALICI\u2019ya teslim edilir ve konuya ili\u015fkin bilgilendirme e-postas\u0131 g\u00f6nderilir. Bu s\u00fcre i\u00e7inde \u00fcr\u00fcn\u00fcn ALICI\u2019ya teslim edilememesi durumunda, ALICI\u2019n\u0131n s\u00f6zle\u015fmeyi feshetme hakk\u0131 sakl\u0131d\u0131r.\u00a0<\/li>\r\n\r\n\r\n\r\n<li>SATICI, s\u00f6zle\u015fme konusu \u00fcr\u00fcn\u00fc eksiksiz, sipari\u015fte belirtilen niteliklere uygun ve varsa garanti belgeleri, kullan\u0131m k\u0131lavuzlar\u0131 ile teslim etmeyi, her t\u00fcrl\u00fc ay\u0131ptan ar\u00ee olarak yasal mevzuat gereklerine sa\u011flam, standartlara uygun bir \u015fekilde i\u015fin gere\u011fi olan bilgi ve belgeler ile i\u015fi do\u011fruluk ve d\u00fcr\u00fcstl\u00fck esaslar\u0131 d\u00e2hilinde ifa etmeyi, hizmet kalitesini koruyup y\u00fckseltmeyi, i\u015fin ifas\u0131 s\u0131ras\u0131nda gerekli dikkat ve \u00f6zeni g\u00f6stermeyi, ihtiyat ve \u00f6ng\u00f6r\u00fc ile hareket etmeyi kabul, beyan ve taahh\u00fct eder.\u00a0<\/li>\r\n\r\n\r\n\r\n<li>Mesafeli S\u00f6zle\u015fmeler Y\u00f6netmeli\u011fi kapsam\u0131nda nakliye, teslim ve benzeri ek masraflar\u0131n \u00f6nceden hesaplanamamas\u0131 halinde ALICI bu ek masraflardan sorumlu olabilecektir.<\/li>\r\n\r\n\r\n\r\n<li>SATICI, sipari\u015f konusu \u00fcr\u00fcn veya hizmetin yerine getirilmesinin imk\u00e2ns\u0131zla\u015fmas\u0131 halinde s\u00f6zle\u015fme konusu y\u00fck\u00fcml\u00fcl\u00fcklerini yerine getiremezse, bu durumu, \u00f6\u011frendi\u011fi tarihten itibaren 3 g\u00fcn i\u00e7inde yaz\u0131l\u0131 olarak t\u00fcketiciye bildirece\u011fini, 14 g\u00fcnl\u00fck s\u00fcre i\u00e7inde toplam bedeli ALICI\u2019ya iade edece\u011fini kabul, beyan ve taahh\u00fct eder.\u00a0<\/li>\r\n\r\n\r\n\r\n<li>ALICI, s\u00f6zle\u015fme konusu \u00fcr\u00fcn\u00fcn teslimat\u0131 i\u00e7in i\u015fbu \u00d6n Bilgilendirme Formunu elektronik ortamda teyit edece\u011fini, herhangi bir nedenle s\u00f6zle\u015fme konusu \u00fcr\u00fcn bedelinin \u00f6denmemesi ve\/veya banka kay\u0131tlar\u0131nda iptal edilmesi halinde, SATICI\u2019 n\u0131n s\u00f6zle\u015fme konusu \u00fcr\u00fcn\u00fc teslim y\u00fck\u00fcml\u00fcl\u00fc\u011f\u00fcn\u00fcn sona erece\u011fini kabul, beyan ve taahh\u00fct eder.\u00a0<\/li>\r\n\r\n\r\n\r\n<li>SATICI, taraflar\u0131n iradesi d\u0131\u015f\u0131nda geli\u015fen, \u00f6nceden \u00f6ng\u00f6r\u00fclemeyen ve taraflar\u0131n bor\u00e7lar\u0131n\u0131 yerine getirmesini engelleyici ve\/veya geciktirici hallerin olu\u015fmas\u0131 gibi m\u00fccbir sebepler halleri nedeni ile s\u00f6zle\u015fme konusu \u00fcr\u00fcn\u00fc s\u00fcresi i\u00e7inde teslim edemez ise, durumu ALICI&#8217; ya bildirece\u011fini kabul, beyan ve taahh\u00fct eder. ALICI da sipari\u015fin iptal edilmesini ve\/veya teslimat s\u00fcresinin engelleyici durumun ortadan kalkmas\u0131na kadar ertelenmesini SATICI\u2019dan talep etme hakk\u0131na haizdir. ALICI taraf\u0131ndan sipari\u015fin iptal edilmesi halinde ALICI\u2019 n\u0131n nakit ile yapt\u0131\u011f\u0131 \u00f6demelerde, \u00fcr\u00fcn tutar\u0131 14\u00a0 g\u00fcn i\u00e7inde kendisine nakden ve defaten \u00f6denir. ALICI\u2019 n\u0131n kredi kart\u0131 ile yapt\u0131\u011f\u0131 \u00f6demelerde ise, \u00fcr\u00fcn tutar\u0131, sipari\u015fin ALICI taraf\u0131ndan iptal edilmesinden sonra 14 g\u00fcn i\u00e7erisinde ilgili bankaya iade edilir. ALICI, SATICI taraf\u0131ndan kredi kart\u0131na iade edilen tutar\u0131n banka taraf\u0131ndan ALICI hesab\u0131na yans\u0131t\u0131lmas\u0131na ili\u015fkin ortalama s\u00fcreci 30 g\u00fcn\u00fc bulabilece\u011fini, bu tutar\u0131n bankaya iadesinden sonra ALICI\u2019 n\u0131n hesaplar\u0131na yans\u0131mas\u0131 halinin tamamen banka i\u015flem s\u00fcreci ile ilgili oldu\u011fundan, ALICI, olas\u0131 gecikmeler i\u00e7in SATICI\u2019y\u0131 sorumlu tutamayaca\u011f\u0131n\u0131 kabul, beyan ve taahh\u00fct eder.\u00a0<\/li>\r\n\r\n\r\n\r\n<li>ALICI\u2019n\u0131n, SATICI\u2019n\u0131n anla\u015fmal\u0131 oldu\u011fu kargo firmas\u0131 d\u0131\u015f\u0131nda ba\u015fka bir ta\u015f\u0131y\u0131c\u0131 ile mal\u0131n g\u00f6nderilmesini talep etmesi durumunda, mal\u0131n ilgili ta\u015f\u0131y\u0131c\u0131ya tesliminden itibaren olu\u015fabilecek kay\u0131p ya da hasardan SATICI sorumlu de\u011fildir.<\/li>\r\n<\/ol>\r\n<\/li>\r\n<\/ol>\r\n<\/li>\r\n\r\n\r\n\r\n<li><strong>CAYMA HAKKI<\/strong>\r\n<ol class=\"wp-block-list\">\r\n<li style=\"list-style-type: none;\">\r\n<ol>\r\n<li>\u0130\u015fbu \u00d6n Bilgilendirme Formu\u2019na konu kapsam\u0131nda SATICI taraf\u0131ndan sa\u011flanan hizmet, Mesafeli S\u00f6zle\u015fmeler Y\u00f6netmeli\u011fi m.15\/c ve m.15\/\u00e7 h\u00fckm\u00fcnde d\u00fczenlenen, \u00e7abuk bozulabilen veya son kullanma tarihi ge\u00e7ebilecek mallar\u0131n teslimi ve ambalaj, bant, m\u00fch\u00fcr, paket gibi koruyucu unsurlar\u0131 a\u00e7\u0131lm\u0131\u015f olan mallardan; iadesi sa\u011fl\u0131k ve hijyen a\u00e7\u0131s\u0131ndan uygun olmayanlar\u0131n teslimine ili\u015fkin s\u00f6zle\u015fmelerden olmas\u0131 sebebiyle cayma hakk\u0131 istisnas\u0131 kapsam\u0131ndad\u0131r ve ALICI\u2019n\u0131n <strong>cayma hakk\u0131 bulunmamaktad\u0131r.\u00a0<\/strong><\/li>\r\n\r\n\r\n\r\n<li>Ancak sat\u0131lan \u00fcr\u00fcnlerden cayma hakk\u0131n\u0131n kullan\u0131m\u0131n\u0131n m\u00fcmk\u00fcn oldu\u011fu hallerde, ALICI \u00dcr\u00fcn&#8217;\u00fc teslim ald\u0131\u011f\u0131 tarihten itibaren ond\u00f6rt (14) g\u00fcn i\u00e7inde herhangi bir gerek\u00e7e g\u00f6stermeksizin ve cezai \u015fart \u00f6demeksizin bu S\u00f6zle\u015fme&#8217;den cayma hakk\u0131na sahiptir.\u00a0<\/li>\r\n\r\n\r\n\r\n<li>Cayma hakk\u0131 kullan\u0131m\u0131 m\u00fcmk\u00fcn olan hallerde, ALICI, cayma s\u00fcresi i\u00e7inde mal\u0131, i\u015fleyi\u015fine, teknik \u00f6zelliklerine ve kullan\u0131m talimatlar\u0131na uygun bir \u015fekilde kullanmad\u0131\u011f\u0131 takdirde meydana gelen de\u011fi\u015fiklik ve bozulmalardan kanun gere\u011fi sorumludur. Buna g\u00f6re, cayma tarihine kadarki s\u00fcre\u00e7te \u00dcr\u00fcn&#8217;\u00fcn kullan\u0131m talimatlar\u0131na, teknik \u00f6zelliklerine ve i\u015fleyi\u015fine uygun bir \u015fekilde kullan\u0131lmamas\u0131ndan \u00f6t\u00fcr\u00fc de\u011fi\u015fiklik veya bozulma olursa ALICI cayma hakk\u0131n\u0131 kaybedebilir; SATICI taraf\u0131ndan kabul edildi\u011fi hallerde, iade edilecek \u00dcr\u00fcn bedelinden de\u011fi\u015fiklik \/ bozulma kadar indirim yap\u0131l\u0131r. Cayma hakk\u0131 bulunan hallerde ALICI&#8217;n\u0131n cayma hakk\u0131n\u0131 kulland\u0131\u011f\u0131na dair a\u00e7\u0131k bir bildirimi yasal 14 g\u00fcnl\u00fck s\u00fcre i\u00e7inde SATICI&#8217;ya y\u00f6neltmi\u015f (yukar\u0131da belirtilen ileti\u015fim adreslerine yaz\u0131l\u0131 bir \u015fekilde veya kal\u0131c\u0131 veri saklay\u0131c\u0131s\u0131 ile iletmi\u015f) olmas\u0131 gerekmektedir. S\u00f6z konusu hakk\u0131n s\u00fcresi i\u00e7erisinde kullan\u0131lmas\u0131 durumunda, \u00dcr\u00fcn&#8217;\u00fcn azami on (10) g\u00fcn i\u00e7erisinde, giderleri ALICI&#8217;ya ait olmak \u00fczere SATICI&#8217;n\u0131n yukar\u0131daki adresine g\u00f6nderilmesi zorunludur. INTERNET S\u0130TES\u0130&#8217;nde \u00fcr\u00fcn iadeleri i\u00e7in anla\u015fmal\u0131 Hepsi Jet firmas\u0131 ile, ALICI \u00dcr\u00fcn&#8217;\u00fc bulundu\u011fu \u0130l\u00e7e dahilindeki veya harindeki bir \u015fubesinden g\u00f6nderebilir, bu takdirde ALICI&#8217;dan masraf al\u0131nmaz. ALICI Hepsi Jet firmas\u0131ndan farkl\u0131 bir kargo firmas\u0131 ile mal\u0131 iade etmek isterse g\u00f6nderim masraflar\u0131 ALICI\u2019ya ait olacakt\u0131r. Bu iade i\u015fleminde \u00dcr\u00fcn&#8217;\u00fcn kutusu, ambalaj\u0131, varsa standart aksesuarlar\u0131 ile birlikte eksiksiz ve hasars\u0131z olarak teslim edilmesi gerekmektedir. Ayr\u0131ca vergi mevzuat\u0131 gere\u011fi, ALICI taraf\u0131ndan kanunen \u0130ade Faturas\u0131 kesilmesi gereken hallerin yan\u0131 s\u0131ra \u00dcr\u00fcnle beraber iade edilecek olan fatura \u00fczerinde, a\u015fa\u011f\u0131da belirtilen, iade ile ilgili b\u00f6l\u00fcm doldurulup imzalanacakt\u0131r. Faturas\u0131 kurumlar (t\u00fczel ki\u015filer) ad\u0131na d\u00fczenlenen sipari\u015f iadeleri, \u0130ade Faturas\u0131 kesilmedi\u011fi takdirde kabul edilmeyecektir). &#8220;\u00dcr\u00fcn\u00fcn iade edilece\u011fi adres, SATICI adresi \/ iade i\u00e7in teslim olunan kargo firmas\u0131 adresi.&#8221; Yukar\u0131daki belirtilen gereklerin ALICI taraf\u0131ndan yerine getirilmesi kayd\u0131 ile, cayma bildiriminin SATICI&#8217;ya ula\u015ft\u0131\u011f\u0131 tarihten itibaren 14 g\u00fcn i\u00e7inde, \u00dcr\u00fcn bedeli ve varsa \u00dcr\u00fcn&#8217;\u00fcn ALICI&#8217;ya teslim masraflar\u0131 ALICI&#8217;ya, \u00dcr\u00fcn&#8217;\u00fc sat\u0131n al\u0131rken kulland\u0131\u011f\u0131 \u00f6deme arac\u0131na uygun bir \u015fekilde iade edilir.\u00a0<\/li>\r\n<\/ol>\r\n<\/li>\r\n<\/ol>\r\n<\/li>\r\n<\/ol>\r\n<\/li>\r\n<\/ol>\r\n\r\n<p><strong>5. \u015e\u0130KAYET<\/strong><\/p>\r\n\r\n<p>Sipari\u015finize konu \u00fcr\u00fcnle veya sipari\u015finizle ilgili herhangi bir konuda \u015fikayetinizin olmas\u0131 halinde yukar\u0131da belirtilen ileti\u015fim adresleri veya <a href=\"https:\/\/www.cremma.com.tr\/\">https:\/\/www.cremma.com.tr\/<\/a> internet sitesinde belirtilen ileti\u015fim adresleri arac\u0131l\u0131\u011f\u0131yla \u015fikayetlerinizi Cremma\u2019ya iletebilirsiniz.\u00a0<\/p>\r\n\r\n<p>ALICI \u015fik\u00e2yet ve itirazlar\u0131 konusunda ba\u015fvurular\u0131n\u0131, t\u00fcketicinin yerle\u015fim yerinin bulundu\u011fu veya t\u00fcketici i\u015fleminin yap\u0131ld\u0131\u011f\u0131 yerdeki t\u00fcketici hakem heyetine veya t\u00fcketici mahkemesine yapabilir.\u00a0<\/p>\r\n\r\n<p>SATICI: <strong>\u00a0<\/strong><strong>Cremma Cafe ve G\u0131da Sanayi Ticaret Anonim \u015eirketi\u00a0<\/strong><\/p>\r\n\r\n<p>ALICI:\u00a0<\/p>\r\n\r\n<p>TAR\u0130H:\u00a0<\/p>\r\n\r\n<p>&nbsp;<\/p>\r\n<p>[\/vc_column_text][\/vc_column][\/vc_row]<\/p><\/div>","protected":false},"excerpt":{"rendered":"<p>[vc_row][vc_column][vc_column_text] \u00d6N B\u0130LG\u0130LEND\u0130RME FORMU \u0130nternet Sitesi : https:\/\/www.cremma.com.tr\/ https:\/\/www.cremma.com.tr\/ internet sitesi Cremma Cafe ve G\u0131da Sanayi Ticaret Anonim \u015eirketi\u2019 ye ait olmakla birlikte internet sitesi \u00fczerinden yap\u0131lan sat\u0131\u015flar taraf\u0131ndan ger\u00e7ekle\u015ftirilmektedir. 1.Sat\u0131c\u0131 Unvan\u0131 :\u00a0 Cremma Cafe ve G\u0131da Sanayi Ticaret Anonim \u015eirketi\u00a0 Mersis No :\u00a0 Vergi Kimlik No:\u00a0 Adres : Cevizli Mahallesi Tugay Yolu Cadde\u00a0 No: [&hellip;]<\/p>\n","protected":false},"author":2,"featured_media":0,"parent":0,"menu_order":0,"comment_status":"closed","ping_status":"closed","template":"","meta":{"slim_seo":{"title":"CREMMA \/ Coffee &bull; Dessert &bull; Bakery","description":"[vc_row][vc_column][vc_column_text] \u00d6N B\u0130LG\u0130LEND\u0130RME FORMU \u0130nternet Sitesi : https:\/\/www.cremma.com.tr\/ https:\/\/www.cremma.com.tr\/ internet sitesi Cremma Cafe v"},"_vp_format_video_url":"","_vp_image_focal_point":[],"_vp_custom_popup_image":0,"_vp_format_audio_url":"","_vp_custom_thumbnail":0,"_vp_custom_thumbnail_focal_point":[],"_vp_hover_thumbnail":0,"_vp_hover_thumbnail_focal_point":[],"footnotes":""},"class_list":["post-1723","page","type-page","status-publish","hentry"],"acf":[],"_links":{"self":[{"href":"https:\/\/www.cremma.com.tr\/eng\/wp-json\/wp\/v2\/pages\/1723","targetHints":{"allow":["GET"]}}],"collection":[{"href":"https:\/\/www.cremma.com.tr\/eng\/wp-json\/wp\/v2\/pages"}],"about":[{"href":"https:\/\/www.cremma.com.tr\/eng\/wp-json\/wp\/v2\/types\/page"}],"author":[{"embeddable":true,"href":"https:\/\/www.cremma.com.tr\/eng\/wp-json\/wp\/v2\/users\/2"}],"replies":[{"embeddable":true,"href":"https:\/\/www.cremma.com.tr\/eng\/wp-json\/wp\/v2\/comments?post=1723"}],"version-history":[{"count":3,"href":"https:\/\/www.cremma.com.tr\/eng\/wp-json\/wp\/v2\/pages\/1723\/revisions"}],"predecessor-version":[{"id":2425,"href":"https:\/\/www.cremma.com.tr\/eng\/wp-json\/wp\/v2\/pages\/1723\/revisions\/2425"}],"wp:attachment":[{"href":"https:\/\/www.cremma.com.tr\/eng\/wp-json\/wp\/v2\/media?parent=1723"}],"curies":[{"name":"wp","href":"https:\/\/api.w.org\/{rel}","templated":true}]}}