{"id":194,"date":"2019-05-24T13:25:28","date_gmt":"2019-05-24T13:25:28","guid":{"rendered":"https:\/\/wp.vlthemes.com\/arquito\/?page_id=194"},"modified":"2024-11-01T18:33:15","modified_gmt":"2024-11-01T18:33:15","slug":"iletisim","status":"publish","type":"page","link":"https:\/\/www.cremma.com.tr\/eng\/iletisim\/","title":{"rendered":"\u0130leti\u015fim"},"content":{"rendered":"<div class=\"wpb-content-wrapper\"><p>[vc_section][vc_row][vc_column]<div class=\"ult-spacer spacer-69f1a1a14b252\" data-id=\"69f1a1a14b252\" data-height=\"130\" data-height-mobile=\"130\" data-height-tab=\"130\" data-height-tab-portrait=\"\" data-height-mobile-landscape=\"\" style=\"clear:both;display:block;\"><\/div>[\/vc_column][vc_column width=&#8221;5\/12&#8243;]<div class=\"vlthemes_custom_69f1a1a14b2b2   vlt-animation-block\" data-aos=\"fade\" data-aos-delay=\"0\"><div class=\"ult-spacer spacer-69f1a1a14b33d\" data-id=\"69f1a1a14b33d\" data-height=\"70\" data-height-mobile=\"70\" data-height-tab=\"70\" data-height-tab-portrait=\"\" data-height-mobile-landscape=\"\" style=\"clear:both;display:block;\"><\/div><div id=\"ultimate-heading-717569f1a1a14b3a6\" class=\"uvc-heading ult-adjust-bottom-margin ultimate-heading-717569f1a1a14b3a6 uvc-6283 \" data-hspacer=\"no_spacer\"  data-halign=\"left\" style=\"text-align:left\"><div class=\"uvc-heading-spacer no_spacer\" style=\"top\"><\/div><div class=\"uvc-sub-heading ult-responsive\"  data-ultimate-target='.uvc-heading.ultimate-heading-717569f1a1a14b3a6 .uvc-sub-heading '  data-responsive-json-new='{\"font-size\":\"\",\"line-height\":\"\"}'  style=\"font-weight:normal;\"><\/p>\n<address class=\"m-0\">Cremma,\u00a0<span class=\"has-gray-color\">Genel Merkez<\/span><\/address>\n<p><\/div><\/div><div class=\"ult-spacer spacer-69f1a1a14b40f\" data-id=\"69f1a1a14b40f\" data-height=\"20\" data-height-mobile=\"20\" data-height-tab=\"20\" data-height-tab-portrait=\"\" data-height-mobile-landscape=\"\" style=\"clear:both;display:block;\"><\/div>[vc_column_text css=&#8221;.vc_custom_1708963168070{margin-bottom: 0px !important;}&#8221; el_class=&#8221;vlt-custom&#8211;2945&#8243;]Cevizli, Tugay Yolu Cd. No:96a 34846<br \/>\nMaltepe \/ \u0130stanbul<br \/>\n<a href=\"tel:+00853462188\">0850 522 48 34<\/a><br \/>\n<a href=\"mailto:infor@arquito.com\">info@cremma.com.tr<\/a>[\/vc_column_text]<div class=\"ult-spacer spacer-69f1a1a14b444\" data-id=\"69f1a1a14b444\" data-height=\"50\" data-height-mobile=\"50\" data-height-tab=\"50\" data-height-tab-portrait=\"\" data-height-mobile-landscape=\"\" style=\"clear:both;display:block;\"><\/div><a href=\"https:\/\/maps.app.goo.gl\/fKdFJxB8FGCGcTDV6\" class=\"vlthemes_custom_69f1a1a14b475   vlt-map-direction-link\">Haritalarda G\u00f6r<i class=\"icofont-thin-right\"><\/i><\/a><\/div><div class=\"ult-spacer spacer-69f1a1a14b4e2\" data-id=\"69f1a1a14b4e2\" data-height=\"\" data-height-mobile=\"\" data-height-tab=\"70\" data-height-tab-portrait=\"\" data-height-mobile-landscape=\"\" style=\"clear:both;display:block;\"><\/div>[\/vc_column][vc_column width=&#8221;7\/12&#8243;]<div class=\"vlthemes_custom_69f1a1a14b511   vlt-animation-block\" data-aos=\"fade\" data-aos-delay=\"100\"><div class=\"ult-spacer spacer-69f1a1a14b57d\" data-id=\"69f1a1a14b57d\" data-height=\"70\" data-height-mobile=\"70\" data-height-tab=\"70\" data-height-tab-portrait=\"\" data-height-mobile-landscape=\"\" style=\"clear:both;display:block;\"><\/div><div class=\"vlthemes_custom_69f1a1a14b5bd   vlthemes-contact-form-01\"><div id=\"cf7cstmzr-form\" class=\"cf7cstmzr-form-907 cf7cstmzr-form\">\n<div class=\"wpcf7 no-js\" id=\"wpcf7-f907-o1\" lang=\"en-US\" dir=\"ltr\" data-wpcf7-id=\"907\">\n<div class=\"screen-reader-response\"><p role=\"status\" aria-live=\"polite\" aria-atomic=\"true\"><\/p> <ul><\/ul><\/div>\n<form action=\"\/eng\/wp-json\/wp\/v2\/pages\/194#wpcf7-f907-o1\" method=\"post\" class=\"wpcf7-form init demo\" aria-label=\"Contact form\" novalidate=\"novalidate\" data-status=\"init\">\n<fieldset class=\"hidden-fields-container\"><input type=\"hidden\" name=\"_wpcf7\" value=\"907\" \/><input type=\"hidden\" name=\"_wpcf7_version\" value=\"6.1.1\" \/><input type=\"hidden\" name=\"_wpcf7_locale\" value=\"en_US\" \/><input type=\"hidden\" name=\"_wpcf7_unit_tag\" value=\"wpcf7-f907-o1\" \/><input type=\"hidden\" name=\"_wpcf7_container_post\" value=\"0\" \/><input type=\"hidden\" name=\"_wpcf7_posted_data_hash\" value=\"\" \/><input type=\"hidden\" name=\"_wpcf7cf_hidden_group_fields\" value=\"[]\" \/><input type=\"hidden\" name=\"_wpcf7cf_hidden_groups\" value=\"[]\" \/><input type=\"hidden\" name=\"_wpcf7cf_visible_groups\" value=\"[]\" \/><input type=\"hidden\" name=\"_wpcf7cf_repeaters\" value=\"[]\" \/><input type=\"hidden\" name=\"_wpcf7cf_steps\" value=\"[]\" \/><input type=\"hidden\" name=\"_wpcf7cf_options\" value=\"{&quot;form_id&quot;:907,&quot;conditions&quot;:[],&quot;settings&quot;:{&quot;animation&quot;:&quot;yes&quot;,&quot;animation_intime&quot;:200,&quot;animation_outtime&quot;:200,&quot;conditions_ui&quot;:&quot;normal&quot;,&quot;notice_dismissed&quot;:false}}\" \/><input type=\"hidden\" name=\"lang\" value=\"eng\" \/>\n<\/fieldset>\n<div class=\"vlt-form-row two-col\">\n\t<div class=\"vlt-form-group\">\n\t\t<p><span class=\"wpcf7-form-control-wrap\" data-name=\"your-name\"><input size=\"40\" maxlength=\"400\" class=\"wpcf7-form-control wpcf7-text wpcf7-validates-as-required\" aria-required=\"true\" aria-invalid=\"false\" placeholder=\"\u0130sim Soyisim\" value=\"\" type=\"text\" name=\"your-name\" \/><\/span>\n\t\t<\/p>\n\t<\/div>\n\t<div class=\"vlt-form-group\">\n\t\t<p><span class=\"wpcf7-form-control-wrap\" data-name=\"your-email\"><input size=\"40\" maxlength=\"400\" class=\"wpcf7-form-control wpcf7-email wpcf7-validates-as-required wpcf7-text wpcf7-validates-as-email\" aria-required=\"true\" aria-invalid=\"false\" placeholder=\"E-Posta Adresi\" value=\"\" type=\"email\" name=\"your-email\" \/><\/span>\n\t\t<\/p>\n\t<\/div>\n<\/div>\n<div class=\"vlt-form-group\">\n\t<p><span class=\"wpcf7-form-control-wrap\" data-name=\"your-message\"><textarea cols=\"40\" rows=\"5\" maxlength=\"2000\" class=\"wpcf7-form-control wpcf7-textarea\" aria-invalid=\"false\" placeholder=\"Mesaj\u0131n\u0131z\u0131 yaz\u0131n...\" name=\"your-message\"><\/textarea><\/span>\n\t<\/p>\n<\/div>\n<div class=\"vlt-form-group\">\n\t<p><label style=\"display: flex; align-items: flex-start; gap: 10px; cursor: pointer;\"><br \/>\n<span class=\"wpcf7-form-control-wrap\" data-name=\"kvkk-checked\"><span class=\"wpcf7-form-control wpcf7-checkbox wpcf7-validates-as-required kvkk-checkbox\"><span class=\"wpcf7-list-item first last\"><input type=\"checkbox\" name=\"kvkk-checked[]\" value=\"Onayl\u0131yorum\" \/><span class=\"wpcf7-list-item-label\">Onayl\u0131yorum<\/span><\/span><\/span><\/span><br \/>\n<span style=\"display: inline-block;\"><br \/>\nKi\u015fisel Verilerin Korunmas\u0131 Kanunu uyar\u0131nca haz\u0131rlanan<br \/>\n<a href=\"https:\/\/www.cremma.com.tr\/kvkk\/\" target=\"_blank\" style=\"color:blue;\">Ayd\u0131nlatma Metnini<\/a> okudum.<br \/>\n<\/span><br \/>\n<\/label>\n\t<\/p>\n<\/div>\n<p><button class=\"wpcf7-form-control wpcf7-submit vlt-btn vlt-btn--form-submit\">G\u00f6nder<i class=\"icofont-caret-right\"><\/i><\/button>\n<\/p><div class=\"wpcf7-response-output\" aria-hidden=\"true\"><\/div>\n<\/form>\n<\/div>\n<\/div><\/div><\/div>[\/vc_column][vc_column]<div class=\"ult-spacer spacer-69f1a1a15134d\" data-id=\"69f1a1a15134d\" data-height=\"230\" data-height-mobile=\"230\" data-height-tab=\"230\" data-height-tab-portrait=\"\" data-height-mobile-landscape=\"\" style=\"clear:both;display:block;\"><\/div>[\/vc_column][\/vc_row][\/vc_section]<\/p>\n<\/div>","protected":false},"excerpt":{"rendered":"<p>[vc_section][vc_row][vc_column][\/vc_column][vc_column width=&#8221;5\/12&#8243;][\/vc_column][vc_column width=&#8221;7\/12&#8243;][\/vc_column][vc_column][\/vc_column][\/vc_row][\/vc_section]<\/p>\n","protected":false},"author":1,"featured_media":871,"parent":0,"menu_order":17,"comment_status":"closed","ping_status":"closed","template":"template-custom-page.php","meta":{"slim_seo":{"title":"CREMMA \/ Coffee &bull; Dessert &bull; Bakery","description":"[vc_section][vc_row][vc_column] [\/vc_column][vc_column width=\"5\/12\"] Cremma,\u00a0 Genel Merkez [vc_column_text css=\".vc_custom_1708963168070{margin-bottom: 0px !imp"},"_vp_format_video_url":"","_vp_image_focal_point":[],"_vp_custom_popup_image":0,"_vp_format_audio_url":"","_vp_custom_thumbnail":0,"_vp_custom_thumbnail_focal_point":[],"_vp_hover_thumbnail":0,"_vp_hover_thumbnail_focal_point":[],"footnotes":""},"class_list":["post-194","page","type-page","status-publish","has-post-thumbnail","hentry"],"acf":[],"_links":{"self":[{"href":"https:\/\/www.cremma.com.tr\/eng\/wp-json\/wp\/v2\/pages\/194","targetHints":{"allow":["GET"]}}],"collection":[{"href":"https:\/\/www.cremma.com.tr\/eng\/wp-json\/wp\/v2\/pages"}],"about":[{"href":"https:\/\/www.cremma.com.tr\/eng\/wp-json\/wp\/v2\/types\/page"}],"author":[{"embeddable":true,"href":"https:\/\/www.cremma.com.tr\/eng\/wp-json\/wp\/v2\/users\/1"}],"replies":[{"embeddable":true,"href":"https:\/\/www.cremma.com.tr\/eng\/wp-json\/wp\/v2\/comments?post=194"}],"version-history":[{"count":11,"href":"https:\/\/www.cremma.com.tr\/eng\/wp-json\/wp\/v2\/pages\/194\/revisions"}],"predecessor-version":[{"id":2428,"href":"https:\/\/www.cremma.com.tr\/eng\/wp-json\/wp\/v2\/pages\/194\/revisions\/2428"}],"wp:featuredmedia":[{"embeddable":true,"href":"https:\/\/www.cremma.com.tr\/eng\/wp-json\/wp\/v2\/media\/871"}],"wp:attachment":[{"href":"https:\/\/www.cremma.com.tr\/eng\/wp-json\/wp\/v2\/media?parent=194"}],"curies":[{"name":"wp","href":"https:\/\/api.w.org\/{rel}","templated":true}]}}